{"id":143,"date":"2024-07-11T11:04:08","date_gmt":"2024-07-11T09:04:08","guid":{"rendered":"https:\/\/www.fairtec.de\/de\/?page_id=143"},"modified":"2025-10-15T07:54:13","modified_gmt":"2025-10-15T05:54:13","slug":"ueber-uns","status":"publish","type":"page","link":"https:\/\/www.fairtec.de\/de\/ueber-uns\/","title":{"rendered":"\u00dcber Uns"},"content":{"rendered":"\n<div class=\"wp-block-group alignfull has-global-padding is-layout-constrained wp-block-group-is-layout-constrained\">\n<h2 class=\"wp-block-heading alignfull has-custom-fairtec-orange-color has-text-color has-link-color wp-elements-c9f698d5d3af262813fb0f39800f15f8\">Beratung und Service aus einer Hand<\/h2>\n\n\n\n<div class=\"wp-block-group alignfull is-layout-flow wp-block-group-is-layout-flow\">\n<div class=\"wp-block-group alignwide is-layout-flow wp-block-group-is-layout-flow\">\n<p>Seit 1997 ist die <strong>fairtec GmbH<\/strong> zuverl\u00e4ssiger Partner f\u00fcr die Entwicklung und Implementierung von <strong>innovativen IT-L\u00f6sungen<\/strong> im Messe-, Kongress- und Eventbereich.<\/p>\n<\/div>\n\n\n\n<div class=\"wp-block-group is-layout-flow wp-block-group-is-layout-flow\">\n<p>Ein Team von \u00fcber <strong>20<\/strong><strong> hochqualifizierten Entwicklern, Consultants und IT-Service-Experten<\/strong> unterst\u00fctzen unsere Kunden t\u00e4glich mit ihrem fundierten Know-how.<\/p>\n<\/div>\n\n\n\n<p>  <br><\/p>\n\n\n\n<div class=\"wp-block-group is-layout-flow wp-block-group-is-layout-flow\">\n<figure class=\"wp-block-image alignleft size-medium is-resized\"><img loading=\"lazy\" decoding=\"async\" width=\"214\" height=\"300\" src=\"https:\/\/www.fairtec.de\/de\/wp-content\/uploads\/Waben-1-214x300.png\" alt=\"\" class=\"wp-image-599\" style=\"width:211px;height:auto\" srcset=\"https:\/\/www.fairtec.de\/de\/wp-content\/uploads\/Waben-1-214x300.png 214w, https:\/\/www.fairtec.de\/de\/wp-content\/uploads\/Waben-1.png 714w\" sizes=\"auto, (max-width: 214px) 100vw, 214px\" \/><\/figure>\n\n\n\n<p>Unser eigens entwickeltes Tool <strong>FairOrg<\/strong> steht f\u00fcr die <strong>Optimierung von Planungs- und Organisationsprozessen<\/strong>. Durch eine <strong>intelligente Programmierung<\/strong> und <strong>branchenspezifische Beratung<\/strong> nehmen wir unseren Kunden einen Gro\u00dfteil der organisatorischen Aufgaben im Projektmanagement ab<\/p>\n\n\n\n<p>Wir unterst\u00fctzen jede Veranstaltung <strong>ganzheitlich<\/strong> \u2013 von der <strong>Konzeption<\/strong> \u00fcber die <strong>Durchf\u00fchrung<\/strong> bis hin zur <strong>Nachbereitung<\/strong> \u2013 inklusive umfassendem <strong>Vor-Ort-Service<\/strong>. Unsere L\u00f6sungen sind nicht nur auf modernste Technologien ausgerichtet, sondern auch darauf, nachhaltigen Erfolg f\u00fcr unsere Kunden zu sichern.<\/p>\n\n\n\n<p>Dar\u00fcber hinaus sind wir als <strong>klassisches IT-Systemhaus<\/strong> fest in der Region verwurzelt und unterst\u00fctzen kleine und mittelst\u00e4ndische Unternehmen bei der Planung, Beratung und Umsetzung komplexer IT-Systeme. Unser breites Service-Portfolio umfasst dabei alles von der <strong>strategischen Beratung<\/strong> bis hin zur <strong>Implementierung und Wartung<\/strong> ma\u00dfgeschneiderter IT-Infrastrukturen.<\/p>\n\n\n\n<p>Bei fairtec legen wir besonderen Wert auf <strong>Effizienz, Fairness und Transparenz<\/strong> \u2013 sowohl in unseren Projekten als auch im t\u00e4glichen Miteinander. Unsere Unternehmenskultur ist gepr\u00e4gt von einer <strong>offenen Zusammenarbeit<\/strong>, die darauf abzielt, gemeinsam mit unseren Kunden und Partnern zukunftsf\u00e4hige IT-L\u00f6sungen zu entwickeln.<\/p>\n<\/div>\n<\/div>\n<\/div>\n","protected":false},"excerpt":{"rendered":"<p>Beratung und Service aus einer Hand Seit 1997 ist die fairtec GmbH zuverl\u00e4ssiger Partner f\u00fcr die Entwicklung und Implementierung von innovativen IT-L\u00f6sungen im Messe-, Kongress- und Eventbereich. Ein Team von \u00fcber 20 hochqualifizierten Entwicklern, Consultants und IT-Service-Experten unterst\u00fctzen unsere Kunden t\u00e4glich mit ihrem fundierten Know-how. Unser eigens entwickeltes Tool FairOrg steht f\u00fcr die Optimierung von [&hellip;]<\/p>\n","protected":false},"author":3,"featured_media":1309,"parent":0,"menu_order":0,"comment_status":"closed","ping_status":"closed","template":"","meta":{"footnotes":""},"class_list":["post-143","page","type-page","status-publish","has-post-thumbnail","hentry"],"_links":{"self":[{"href":"https:\/\/www.fairtec.de\/de\/wp-json\/wp\/v2\/pages\/143","targetHints":{"allow":["GET"]}}],"collection":[{"href":"https:\/\/www.fairtec.de\/de\/wp-json\/wp\/v2\/pages"}],"about":[{"href":"https:\/\/www.fairtec.de\/de\/wp-json\/wp\/v2\/types\/page"}],"author":[{"embeddable":true,"href":"https:\/\/www.fairtec.de\/de\/wp-json\/wp\/v2\/users\/3"}],"replies":[{"embeddable":true,"href":"https:\/\/www.fairtec.de\/de\/wp-json\/wp\/v2\/comments?post=143"}],"version-history":[{"count":9,"href":"https:\/\/www.fairtec.de\/de\/wp-json\/wp\/v2\/pages\/143\/revisions"}],"predecessor-version":[{"id":1382,"href":"https:\/\/www.fairtec.de\/de\/wp-json\/wp\/v2\/pages\/143\/revisions\/1382"}],"wp:featuredmedia":[{"embeddable":true,"href":"https:\/\/www.fairtec.de\/de\/wp-json\/wp\/v2\/media\/1309"}],"wp:attachment":[{"href":"https:\/\/www.fairtec.de\/de\/wp-json\/wp\/v2\/media?parent=143"}],"curies":[{"name":"wp","href":"https:\/\/api.w.org\/{rel}","templated":true}]}}