{"id":141,"date":"2024-07-11T11:03:43","date_gmt":"2024-07-11T09:03:43","guid":{"rendered":"https:\/\/www.fairtec.de\/de\/?page_id=141"},"modified":"2025-10-22T08:21:16","modified_gmt":"2025-10-22T06:21:16","slug":"it-service","status":"publish","type":"page","link":"https:\/\/www.fairtec.de\/de\/it-service\/","title":{"rendered":"IT-Service"},"content":{"rendered":"\n<h2 class=\"wp-block-heading has-custom-fairtec-orange-color has-text-color has-link-color wp-elements-dfcf52404933f7d03ae95716f09df4cd\">Ganzheitliche IT-L\u00f6sungen f\u00fcr Unternehmen<\/h2>\n\n\n\n<div class=\"wp-block-group alignwide is-layout-flow wp-block-group-is-layout-flow\">\n<p class=\"has-text-align-left\">Die Entwicklung von FairOrg ist aus einem gewachsenen Unternehmen heraus entstanden. Auch heute bleiben wir unseren Wurzeln als klassisches IT-Systemhaus treu. Wir bieten weiterhin s\u00e4mtliche Leistungen eines IT-Dienstleisters an \u2013 von der Beratung bis zur Hardware-Installation, unabh\u00e4ngig von der Gr\u00f6\u00dfe Ihres Netzwerks.<\/p>\n\n\n\n<div class=\"wp-block-media-text is-stacked-on-mobile\"><figure class=\"wp-block-media-text__media\"><video controls src=\"https:\/\/www.fairtec.de\/de\/wp-content\/uploads\/Whiteboard-Animation_fairtec_IT-Service.mp4\"><\/video><\/figure><div class=\"wp-block-media-text__content\">\n<p><strong>Individuelle L\u00f6sungen f\u00fcr Ihre IT<\/strong><\/p>\n\n\n\n<p>Unsere Expertise liegt in der nahtlosen Einf\u00fchrung von IT-L\u00f6sungen und Methoden, die speziell auf die Anforderungen kleinerer und mittelst\u00e4ndischer Unternehmen zugeschnitten sind. Wir verstehen die Implementierung neuer Systeme sowie die Betreuung und Optimierung bestehender IT-Infrastrukturen als ganzheitliche Aufgabe, die Technik, Organisation und Menschen optimal miteinander verbindet.<\/p>\n\n\n\n<ul class=\"wp-block-list\">\n<li><strong>Hardware- und Softwareintegration:<\/strong> Modernste Systeme f\u00fcr einen reibungslosen Ablauf.<\/li>\n\n\n\n<li><strong>Unterst\u00fctzung Ihrer IT-Abteilung:<\/strong> Wir erg\u00e4nzen Ihr Team mit unserem spezifischen Fachwissen.<\/li>\n\n\n\n<li><strong>Komplette IT-Auslagerung:<\/strong> \u00dcberlassen Sie uns unkompliziert die Verwaltung und Betreuung Ihrer gesamten IT.<\/li>\n\n\n\n<li><strong>Beratung und Betreuung:<\/strong> Ma\u00dfgeschneiderte L\u00f6sungen f\u00fcr Ihre Gesch\u00e4ftsprozesse.<\/li>\n<\/ul>\n<\/div><\/div>\n\n\n\n<p><strong>Vor Ort f\u00fcr Sie im Einsatz<\/strong><\/p>\n\n\n\n<p>Ob auf Messen, Events oder direkt in Ihrem Unternehmen: Wir stehen Ihnen jederzeit vor Ort zur Seite. Dabei decken wir die gesamte Bandbreite konventioneller IT-Dienstleistungen ab \u2013 schnell, zuverl\u00e4ssig und professionell.<\/p>\n\n\n\n<ul class=\"wp-block-list\">\n<li><strong>Betreuung Ihrer kompletten IT-Infrastruktur:<\/strong> Netzwerk, Server, Computer, Drucker \u2013 wir k\u00fcmmern uns darum.<\/li>\n\n\n\n<li><strong>Sicherstellung Ihrer Netzwerksicherheit: <\/strong>Wir analysieren Ihr Netzwerk gr\u00fcndlich auf sicherheitsrelevante Schwachstellen und entwickeln konkrete Ma\u00dfnahmen, um m\u00f6gliche Sicherheitsl\u00fccken zu schlie\u00dfen.<\/li>\n\n\n\n<li><strong>Unterst\u00fctzung bei neuen Herausforderungen: <\/strong>Ob es um die Installation eines leistungsst\u00e4rkeren Servers, die Vernetzung einer Niederlassung, die Anbindung von Ihrem Au\u00dfendienst oder die Auswahl und Implementierung einer branchenspezifischen Software geht \u2013 wir k\u00fcmmern uns um die passende L\u00f6sung.<\/li>\n<\/ul>\n\n\n\n<p>Mit unserer langj\u00e4hrigen Erfahrung und unserem tiefen Verst\u00e4ndnis f\u00fcr Ihre Gesch\u00e4ftsabl\u00e4ufe sorgen wir daf\u00fcr, dass Ihre IT-Landschaft optimal auf Ihre individuellen Bed\u00fcrfnisse abgestimmt ist.<\/p>\n<\/div>\n\n\n\n<h4 class=\"wp-block-heading\">Alles aus einer Hand: Produkte und Support<\/h4>\n\n\n\n<div class=\"wp-block-group alignwide is-layout-flow wp-block-group-is-layout-flow\">\n<p>Wir bieten ganzheitliche IT-L\u00f6sungen, die individuell auf Ihre Anforderungen zugeschnitten sind und sich flexibel an zuk\u00fcnftige Entwicklungen anpassen lassen. Als Vertriebspartner f\u00fchrender Technologieunternehmen stellen wir sicher, dass unsere L\u00f6sungen h\u00f6chsten Anspr\u00fcchen gerecht werden.<\/p>\n<\/div>\n\n\n\n<div class=\"wp-block-group alignwide is-layout-flow wp-block-group-is-layout-flow\">\n<p>In unserem Portfolio finden Sie eine breite Auswahl an leistungsstarken Produkten, die Sie zu g\u00fcnstigen Konditionen direkt \u00fcber uns beziehen oder leihen k\u00f6nnen \u2013 von Beamern und Notebooks bis hin zu Switches und Flatscreens. Dabei profitieren Sie von unserem umfassenden Support bei der Implementierung und Inbetriebnahme.<\/p>\n<\/div>\n\n\n\n<div class=\"wp-block-group alignwide is-layout-flow wp-block-group-is-layout-flow\">\n<p class=\"has-custom-fairtec-orange-color has-text-color has-link-color wp-elements-3db85b3ccb35f224c73051da9a507a39\"><strong>Legen Sie Ihre IT in vertrauensw\u00fcrdige H\u00e4nde und <a href=\"\/de\/#kontakt\">kontaktieren Sie uns jetzt!<\/a><\/strong><\/p>\n<\/div>\n\n\n\n<p><\/p>\n","protected":false},"excerpt":{"rendered":"<p>Ganzheitliche IT-L\u00f6sungen f\u00fcr Unternehmen Die Entwicklung von FairOrg ist aus einem gewachsenen Unternehmen heraus entstanden. Auch heute bleiben wir unseren Wurzeln als klassisches IT-Systemhaus treu. Wir bieten weiterhin s\u00e4mtliche Leistungen eines IT-Dienstleisters an \u2013 von der Beratung bis zur Hardware-Installation, unabh\u00e4ngig von der Gr\u00f6\u00dfe Ihres Netzwerks. Individuelle L\u00f6sungen f\u00fcr Ihre IT Unsere Expertise liegt in [&hellip;]<\/p>\n","protected":false},"author":3,"featured_media":60,"parent":0,"menu_order":0,"comment_status":"closed","ping_status":"closed","template":"","meta":{"footnotes":""},"class_list":["post-141","page","type-page","status-publish","has-post-thumbnail","hentry"],"_links":{"self":[{"href":"https:\/\/www.fairtec.de\/de\/wp-json\/wp\/v2\/pages\/141","targetHints":{"allow":["GET"]}}],"collection":[{"href":"https:\/\/www.fairtec.de\/de\/wp-json\/wp\/v2\/pages"}],"about":[{"href":"https:\/\/www.fairtec.de\/de\/wp-json\/wp\/v2\/types\/page"}],"author":[{"embeddable":true,"href":"https:\/\/www.fairtec.de\/de\/wp-json\/wp\/v2\/users\/3"}],"replies":[{"embeddable":true,"href":"https:\/\/www.fairtec.de\/de\/wp-json\/wp\/v2\/comments?post=141"}],"version-history":[{"count":12,"href":"https:\/\/www.fairtec.de\/de\/wp-json\/wp\/v2\/pages\/141\/revisions"}],"predecessor-version":[{"id":1383,"href":"https:\/\/www.fairtec.de\/de\/wp-json\/wp\/v2\/pages\/141\/revisions\/1383"}],"wp:featuredmedia":[{"embeddable":true,"href":"https:\/\/www.fairtec.de\/de\/wp-json\/wp\/v2\/media\/60"}],"wp:attachment":[{"href":"https:\/\/www.fairtec.de\/de\/wp-json\/wp\/v2\/media?parent=141"}],"curies":[{"name":"wp","href":"https:\/\/api.w.org\/{rel}","templated":true}]}}