{"id":139,"date":"2024-07-11T11:03:31","date_gmt":"2024-07-11T09:03:31","guid":{"rendered":"https:\/\/www.fairtec.de\/de\/?page_id=139"},"modified":"2025-01-22T09:31:49","modified_gmt":"2025-01-22T08:31:49","slug":"consulting","status":"publish","type":"page","link":"https:\/\/www.fairtec.de\/de\/consulting\/","title":{"rendered":"Consulting"},"content":{"rendered":"\n<h2 class=\"wp-block-heading has-custom-fairtec-orange-color has-text-color has-link-color wp-elements-74aec0954c1e9fd58e9f06dad9af68e0\">Beratung f\u00fcr Ihre Events auf h\u00f6chstem Niveau<\/h2>\n\n\n\n<div class=\"wp-block-columns alignfull is-layout-flex wp-container-core-columns-is-layout-28f84493 wp-block-columns-is-layout-flex\">\n<div class=\"wp-block-column is-layout-flow wp-block-column-is-layout-flow\">\n<p><strong>Komplexit\u00e4t reduzieren, Effizienz steigern<\/strong><br>Die Planung und Durchf\u00fchrung von Veranstaltungen ist oft gepr\u00e4gt von vielschichtigen und verkn\u00fcpften Organisations- und Kommunikationsprozessen. Unser Ziel: Diese Komplexit\u00e4t f\u00fcr Sie mit FairOrg und unseren Services auf ein Minimum zu reduzieren, klar abzubilden und nachhaltig zu optimieren. Daf\u00fcr bieten wir Ihnen umfassende Unterst\u00fctzung und professionelle Beratung \u2013 vor, w\u00e4hrend und nach Ihrem Event.<br><\/p>\n\n\n\n<p><strong>Mehr als nur Systemintegration<\/strong><br>Unser Consulting geht weit \u00fcber die reine Implementierung hinaus. Dank unserer langj\u00e4hrigen Erfahrung in der Umsetzung von Best Practice-Prozessen unterst\u00fctzen wir Sie dabei, die Potenziale eines modernen Informationsmanagements voll auszusch\u00f6pfen. Unsere Experten beraten Sie umfassend, vermitteln L\u00f6sungskompetenz und bieten Ihnen jederzeit den passenden Service.<\/p>\n<\/div>\n\n\n\n<div class=\"wp-block-column is-layout-flow wp-block-column-is-layout-flow\">\n<p>      <br>    <\/p>\n\n\n\n<figure class=\"wp-block-image size-full wp-duotone-unset-1\"><img loading=\"lazy\" decoding=\"async\" width=\"2560\" height=\"1463\" src=\"https:\/\/www.fairtec.de\/de\/wp-content\/uploads\/software-zur-teilnehmerorganisation-08-01-2025-at-12-05-33-scaled.jpeg\" alt=\"\" class=\"wp-image-1306\" srcset=\"https:\/\/www.fairtec.de\/de\/wp-content\/uploads\/software-zur-teilnehmerorganisation-08-01-2025-at-12-05-33-scaled.jpeg 2560w, https:\/\/www.fairtec.de\/de\/wp-content\/uploads\/software-zur-teilnehmerorganisation-08-01-2025-at-12-05-33-300x171.jpeg 300w, https:\/\/www.fairtec.de\/de\/wp-content\/uploads\/software-zur-teilnehmerorganisation-08-01-2025-at-12-05-33-1024x585.jpeg 1024w, https:\/\/www.fairtec.de\/de\/wp-content\/uploads\/software-zur-teilnehmerorganisation-08-01-2025-at-12-05-33-768x439.jpeg 768w, https:\/\/www.fairtec.de\/de\/wp-content\/uploads\/software-zur-teilnehmerorganisation-08-01-2025-at-12-05-33-1536x878.jpeg 1536w, https:\/\/www.fairtec.de\/de\/wp-content\/uploads\/software-zur-teilnehmerorganisation-08-01-2025-at-12-05-33-2048x1170.jpeg 2048w\" sizes=\"auto, (max-width: 2560px) 100vw, 2560px\" \/><\/figure>\n\n\n\n<p><\/p>\n<\/div>\n<\/div>\n\n\n\n<div class=\"wp-block-group alignfull is-layout-flow wp-block-group-is-layout-flow\">\n<p><strong>Partnerschaftliche Zusammenarbeit f\u00fcr nachhaltigen Erfolg<\/strong><br>Wir legen gro\u00dfen Wert auf Vertrauen und eine enge, partnerschaftliche Zusammenarbeit. Von der ersten Planungsphase bis zur Umsetzung und Nachbereitung Ihres Projekts stehen wir Ihnen zur Seite. Unser Engagement endet nicht mit der Einf\u00fchrung eines Systems \u2013 wir begleiten Sie langfristig und stellen sicher, dass Sie von unserem Wissen und unserer Erfahrung aus unz\u00e4hligen erfolgreichen Projekten profitieren. Lassen Sie uns gemeinsam den Erfolg Ihrer Veranstaltung sichern!<\/p>\n<\/div>\n\n\n\n<h4 class=\"wp-block-heading alignfull\">Ihre Vorteile im \u00dcberblick<\/h4>\n\n\n\n<div class=\"wp-block-group alignfull is-layout-flow wp-block-group-is-layout-flow\">\n<ul class=\"wp-block-list\">\n<li><strong>Individuelle Beratung:<\/strong> Ma\u00dfgeschneiderte L\u00f6sungen f\u00fcr Ihre spezifischen Anforderungen.<\/li>\n\n\n\n<li><strong>Erfahrung und Expertise:<\/strong> Aufbauend auf Best Practices und modernsten Technologien.<\/li>\n\n\n\n<li><strong>Nachhaltige Partnerschaften:<\/strong> Gemeinsames Arbeiten f\u00fcr langfristigen Erfolg.<\/li>\n\n\n\n<li><strong>Ganzheitlicher Support:<\/strong> Vor, w\u00e4hrend und nach Ihrem Event &#8211; sodass Sie sich voll und ganz auf Ihre Kunden\/Besucher konzentrieren k\u00f6nnen.<\/li>\n<\/ul>\n<\/div>\n\n\n\n<div class=\"wp-block-group alignfull is-layout-flow wp-block-group-is-layout-flow\">\n<p class=\"has-custom-fairtec-orange-color has-text-color has-link-color wp-elements-d52bcec9dce9450ec71ac5cd7e8360f8\"><strong><a href=\"\/de\/#kontakt\" data-type=\"internal\" data-id=\"#kontakt\">Kontaktieren Sie uns <\/a>und erfahren Sie, wie wir Ihre Eventplanung und -durchf\u00fchrung optimieren k\u00f6nnen!<\/strong><\/p>\n<\/div>\n\n\n\n<p><\/p>\n","protected":false},"excerpt":{"rendered":"<p>Beratung f\u00fcr Ihre Events auf h\u00f6chstem Niveau Komplexit\u00e4t reduzieren, Effizienz steigernDie Planung und Durchf\u00fchrung von Veranstaltungen ist oft gepr\u00e4gt von vielschichtigen und verkn\u00fcpften Organisations- und Kommunikationsprozessen. Unser Ziel: Diese Komplexit\u00e4t f\u00fcr Sie mit FairOrg und unseren Services auf ein Minimum zu reduzieren, klar abzubilden und nachhaltig zu optimieren. Daf\u00fcr bieten wir Ihnen umfassende Unterst\u00fctzung und [&hellip;]<\/p>\n","protected":false},"author":3,"featured_media":1304,"parent":0,"menu_order":0,"comment_status":"closed","ping_status":"closed","template":"","meta":{"footnotes":""},"class_list":["post-139","page","type-page","status-publish","has-post-thumbnail","hentry"],"_links":{"self":[{"href":"https:\/\/www.fairtec.de\/de\/wp-json\/wp\/v2\/pages\/139","targetHints":{"allow":["GET"]}}],"collection":[{"href":"https:\/\/www.fairtec.de\/de\/wp-json\/wp\/v2\/pages"}],"about":[{"href":"https:\/\/www.fairtec.de\/de\/wp-json\/wp\/v2\/types\/page"}],"author":[{"embeddable":true,"href":"https:\/\/www.fairtec.de\/de\/wp-json\/wp\/v2\/users\/3"}],"replies":[{"embeddable":true,"href":"https:\/\/www.fairtec.de\/de\/wp-json\/wp\/v2\/comments?post=139"}],"version-history":[{"count":21,"href":"https:\/\/www.fairtec.de\/de\/wp-json\/wp\/v2\/pages\/139\/revisions"}],"predecessor-version":[{"id":1342,"href":"https:\/\/www.fairtec.de\/de\/wp-json\/wp\/v2\/pages\/139\/revisions\/1342"}],"wp:featuredmedia":[{"embeddable":true,"href":"https:\/\/www.fairtec.de\/de\/wp-json\/wp\/v2\/media\/1304"}],"wp:attachment":[{"href":"https:\/\/www.fairtec.de\/de\/wp-json\/wp\/v2\/media?parent=139"}],"curies":[{"name":"wp","href":"https:\/\/api.w.org\/{rel}","templated":true}]}}