{"id":137,"date":"2024-07-11T11:03:17","date_gmt":"2024-07-11T09:03:17","guid":{"rendered":"https:\/\/www.fairtec.de\/de\/?page_id=137"},"modified":"2025-09-24T10:01:43","modified_gmt":"2025-09-24T08:01:43","slug":"fairorg","status":"publish","type":"page","link":"https:\/\/www.fairtec.de\/de\/fairorg\/","title":{"rendered":"FairOrg"},"content":{"rendered":"\n<div class=\"wp-block-group alignfull has-global-padding is-layout-constrained wp-block-group-is-layout-constrained\">\n<h2 class=\"wp-block-heading alignfull has-custom-fairtec-orange-color has-text-color has-link-color wp-elements-45536b467cbe8b477bb780a7c1f1f4bc\">Ihre All-in-One-L\u00f6sung f\u00fcr erfolgreiche Messen und Events<\/h2>\n\n\n\n<div class=\"wp-block-group alignfull is-vertical is-layout-flex wp-container-core-group-is-layout-fe9cc265 wp-block-group-is-layout-flex\">\n<div class=\"wp-block-columns alignfull is-layout-flex wp-container-core-columns-is-layout-28f84493 wp-block-columns-is-layout-flex\">\n<div class=\"wp-block-column is-layout-flow wp-block-column-is-layout-flow\">\n<div class=\"wp-block-media-text has-media-on-the-right is-stacked-on-mobile\"><div class=\"wp-block-media-text__content\">\n<p>Mit FairOrg behalten Sie die volle Kontrolle \u00fcber die Organisation und Planung Ihrer Veranstaltung. Unsere umfassende webbasierte Plattform bietet alle Werkzeuge, die Sie ben\u00f6tigen, um Ihren Messeauftritt oder Ihr Event effizient und professionell zu managen.<\/p>\n\n\n\n<p><strong>Unsere Module im \u00dcberblick:<\/strong><\/p>\n\n\n\n<ul class=\"wp-block-list\">\n<li><strong>Zahlungsabwicklung:<\/strong>\u00a0Sicher und zuverl\u00e4ssig, f\u00fcr einen reibungslosen Ablauf.<\/li>\n\n\n\n<li><strong>Erfolgskontrolle:<\/strong>\u00a0Messen Sie den Erfolg Ihrer Veranstaltung mit aussagekr\u00e4ftigen Analysen.<\/li>\n\n\n\n<li><strong>Teilnehmermanagement:\u00a0<\/strong>Von der Registrierung bis zur Kommunikation \u2013 alles aus einer Hand.<\/li>\n\n\n\n<li><strong>Messepersonalmanagement:<\/strong>\u00a0Koordination und Einsatzplanung leicht gemacht.<\/li>\n\n\n\n<li><strong>Kontingentmanagement:<\/strong>\u00a0Behalten Sie den \u00dcberblick \u00fcber Ressourcen und Verf\u00fcgbarkeiten.<\/li>\n\n\n\n<li><strong>Leadmanagement:<\/strong>\u00a0Erfassen und verwalten Sie Kontakte f\u00fcr nachhaltigen Erfolg.<\/li>\n<\/ul>\n<\/div><figure class=\"wp-block-media-text__media\"><video controls src=\"https:\/\/www.fairtec.de\/de\/wp-content\/uploads\/Whiteboard-Animation_fairtec-revised.mp4\"><\/video><\/figure><\/div>\n<\/div>\n<\/div>\n\n\n\n<div class=\"wp-block-media-text is-stacked-on-mobile\" style=\"grid-template-columns:31% auto\"><figure class=\"wp-block-media-text__media\"><img loading=\"lazy\" decoding=\"async\" width=\"714\" height=\"1001\" src=\"https:\/\/www.fairtec.de\/de\/wp-content\/uploads\/Waben-1.png\" alt=\"\" class=\"wp-image-599 size-full\" srcset=\"https:\/\/www.fairtec.de\/de\/wp-content\/uploads\/Waben-1.png 714w, https:\/\/www.fairtec.de\/de\/wp-content\/uploads\/Waben-1-214x300.png 214w\" sizes=\"auto, (max-width: 714px) 100vw, 714px\" \/><\/figure><div class=\"wp-block-media-text__content\">\n<p><strong>Flexibel, skalierbar und auf Sie zugeschnitten<\/strong><br>FairOrg w\u00e4chst mit Ihren Anforderungen. Unser System ist vollst\u00e4ndig skalierbar und individuell auf Ihre Bed\u00fcrfnisse zugeschnitten \u2013 egal, ob kleine Veranstaltungen oder gro\u00dfe Messen. Mit FairOrg haben Sie die Freiheit, Ihre Veranstaltungsplanung individuell zu gestalten. Nutzen Sie gezielt einzelne Module oder entscheiden Sie sich f\u00fcr ein ma\u00dfgeschneidertes Gesamtpaket \u2013 inklusive Schnittstellen f\u00fcr die Anbindung an Drittsysteme, modernster Hardware und Vor-Ort-Support durch unsere Experten von fairtec.<\/p>\n\n\n\n<p><strong>Schnell und unkompliziert<\/strong><br>Dank unserer webbasierten Plattform ben\u00f6tigen Sie keine zus\u00e4tzliche Softwareinstallation. FairOrg ist sofort einsatzbereit, und Updates oder \u00c4nderungen werden in Echtzeit f\u00fcr alle Nutzer verf\u00fcgbar gemacht.<\/p>\n\n\n\n<p><strong>Mehr als nur Standard<\/strong><br>FairOrg und die erg\u00e4nzenden Services von fairtec bieten Ihnen L\u00f6sungen, die weit \u00fcber den Durchschnitt hinausgehen. Wir unterst\u00fctzen Sie dabei, die Potenziale eines modernen Informationsmanagements voll auszusch\u00f6pfen und den Erfolg Ihrer Veranstaltung zu sichern.&nbsp;  Informieren Sie sich \u00fcber unsere einzigartigen Features und die zahlreichen Vorteile, die unser System Ihnen bietet. <\/p>\n\n\n\n<p><strong><a href=\"\/de\/#kontakt\" data-type=\"internal\" data-id=\"#kontakt\"><mark style=\"background-color:rgba(0, 0, 0, 0)\" class=\"has-inline-color has-custom-fairtec-orange-color\">Vereinbaren Sie jetzt einen unverbindlichen Beratungstermin!<\/mark><\/a><\/strong><\/p>\n<\/div><\/div>\n<\/div>\n<\/div>\n\n\n\n<p><\/p>\n","protected":false},"excerpt":{"rendered":"<p>Ihre All-in-One-L\u00f6sung f\u00fcr erfolgreiche Messen und Events Mit FairOrg behalten Sie die volle Kontrolle \u00fcber die Organisation und Planung Ihrer Veranstaltung. Unsere umfassende webbasierte Plattform bietet alle Werkzeuge, die Sie ben\u00f6tigen, um Ihren Messeauftritt oder Ihr Event effizient und professionell zu managen. Unsere Module im \u00dcberblick: Flexibel, skalierbar und auf Sie zugeschnittenFairOrg w\u00e4chst mit Ihren [&hellip;]<\/p>\n","protected":false},"author":3,"featured_media":1312,"parent":0,"menu_order":0,"comment_status":"closed","ping_status":"closed","template":"","meta":{"footnotes":""},"class_list":["post-137","page","type-page","status-publish","has-post-thumbnail","hentry"],"_links":{"self":[{"href":"https:\/\/www.fairtec.de\/de\/wp-json\/wp\/v2\/pages\/137","targetHints":{"allow":["GET"]}}],"collection":[{"href":"https:\/\/www.fairtec.de\/de\/wp-json\/wp\/v2\/pages"}],"about":[{"href":"https:\/\/www.fairtec.de\/de\/wp-json\/wp\/v2\/types\/page"}],"author":[{"embeddable":true,"href":"https:\/\/www.fairtec.de\/de\/wp-json\/wp\/v2\/users\/3"}],"replies":[{"embeddable":true,"href":"https:\/\/www.fairtec.de\/de\/wp-json\/wp\/v2\/comments?post=137"}],"version-history":[{"count":22,"href":"https:\/\/www.fairtec.de\/de\/wp-json\/wp\/v2\/pages\/137\/revisions"}],"predecessor-version":[{"id":1377,"href":"https:\/\/www.fairtec.de\/de\/wp-json\/wp\/v2\/pages\/137\/revisions\/1377"}],"wp:featuredmedia":[{"embeddable":true,"href":"https:\/\/www.fairtec.de\/de\/wp-json\/wp\/v2\/media\/1312"}],"wp:attachment":[{"href":"https:\/\/www.fairtec.de\/de\/wp-json\/wp\/v2\/media?parent=137"}],"curies":[{"name":"wp","href":"https:\/\/api.w.org\/{rel}","templated":true}]}}