{"id":1274,"date":"2025-01-08T10:26:09","date_gmt":"2025-01-08T09:26:09","guid":{"rendered":"https:\/\/www.fairtec.de\/de\/?page_id=1274"},"modified":"2026-02-26T11:19:09","modified_gmt":"2026-02-26T10:19:09","slug":"medorg","status":"publish","type":"page","link":"https:\/\/www.fairtec.de\/de\/medorg\/","title":{"rendered":"MedOrg"},"content":{"rendered":"\n<h2 class=\"wp-block-heading has-custom-fairtec-orange-color has-text-color has-link-color wp-elements-00f7abb9018f8b3b499af8edb138f5c6\">Effiziente Praxisorganisation leicht gemacht<\/h2>\n\n\n\n<div class=\"wp-block-group alignwide is-layout-flow wp-block-group-is-layout-flow\">\n<p>Unsere Software f\u00fcr Arztpraxen bietet eine moderne, digitale L\u00f6sung zur Organisation des Praxisalltags. Sie erm\u00f6glicht \u00c4rzt*innen und medizinischem Personal, Termine effizient zu verwalten. Patient*innen k\u00f6nnen ganz einfach \u00fcber eine benutzerfreundliche Webseite ihr Termine buchen, \u00e4ndern oder stornieren \u2013 ganz ohne Anruf.<\/p>\n\n\n\n<p>Dank der Echtzeit-Synchronisierung des Kalenders geh\u00f6ren Doppelbuchungen der Vergangenheit an, und das Praxisteam beh\u00e4lt stets den \u00dcberblick \u00fcber den Tagesablauf.<\/p>\n\n\n\n<div class=\"wp-block-media-text is-stacked-on-mobile\"><figure class=\"wp-block-media-text__media\"><video controls src=\"https:\/\/www.fairtec.de\/de\/wp-content\/uploads\/Whiteboard-Animation_fairtec-MedOrg.mp4\"><\/video><\/figure><div class=\"wp-block-media-text__content\">\n<p><strong>Funktionen, die \u00fcberzeugen:<\/strong><\/p>\n\n\n\n<ul class=\"wp-block-list\">\n<li><strong>Automatische Erinnerungen:<\/strong> Patient*innen erhalten rechtzeitig Benachrichtigungen per SMS oder E-Mail, um Terminausf\u00e4lle zu vermeiden.<\/li>\n\n\n\n<li><strong>Nahtlose Integration:<\/strong> Die Verkn\u00fcpfung mit bestehenden Praxisverwaltungssystemen erm\u00f6glicht eine direkte Verbindung zwischen Patientenakten und Termindaten.<\/li>\n\n\n\n<li><strong>Flexibles Management:<\/strong> Anpassbare Zeitfenster f\u00fcr unterschiedliche Behandlungen und die M\u00f6glichkeit, Notf\u00e4lle zu priorisieren.<\/li>\n\n\n\n<li><strong>H\u00f6chste Datensicherheit:<\/strong> Die Software erf\u00fcllt strenge Datenschutzstandards und sch\u00fctzt sensible Patientendaten zuverl\u00e4ssig.<\/li>\n<\/ul>\n\n\n\n<p>Mit dieser Anwendung sparen Praxen Zeit, reduzieren Verwaltungsaufwand und verbessern die Kommunikation mit Patient*innen \u2013 f\u00fcr eine effizientere Organisation und eine optimale Betreuung.<\/p>\n<\/div><\/div>\n\n\n\n<p><strong><a href=\"\/de\/#kontakt\"><mark style=\"background-color:rgba(0, 0, 0, 0)\" class=\"has-inline-color has-custom-fairtec-orange-color\">Kontaktieren Sie uns noch heute<\/mark> <\/a>f\u00fcr eine kostenlose Beratung und erfahren Sie, wie unsere L\u00f6sung Ihre Praxis optimieren kann!<\/strong><\/p>\n<\/div>\n\n\n\n<p><\/p>\n","protected":false},"excerpt":{"rendered":"<p>Effiziente Praxisorganisation leicht gemacht Unsere Software f\u00fcr Arztpraxen bietet eine moderne, digitale L\u00f6sung zur Organisation des Praxisalltags. Sie erm\u00f6glicht \u00c4rzt*innen und medizinischem Personal, Termine effizient zu verwalten. Patient*innen k\u00f6nnen ganz einfach \u00fcber eine benutzerfreundliche Webseite ihr Termine buchen, \u00e4ndern oder stornieren \u2013 ganz ohne Anruf. Dank der Echtzeit-Synchronisierung des Kalenders geh\u00f6ren Doppelbuchungen der Vergangenheit an, [&hellip;]<\/p>\n","protected":false},"author":4,"featured_media":1302,"parent":0,"menu_order":0,"comment_status":"closed","ping_status":"closed","template":"","meta":{"footnotes":""},"class_list":["post-1274","page","type-page","status-publish","has-post-thumbnail","hentry"],"_links":{"self":[{"href":"https:\/\/www.fairtec.de\/de\/wp-json\/wp\/v2\/pages\/1274","targetHints":{"allow":["GET"]}}],"collection":[{"href":"https:\/\/www.fairtec.de\/de\/wp-json\/wp\/v2\/pages"}],"about":[{"href":"https:\/\/www.fairtec.de\/de\/wp-json\/wp\/v2\/types\/page"}],"author":[{"embeddable":true,"href":"https:\/\/www.fairtec.de\/de\/wp-json\/wp\/v2\/users\/4"}],"replies":[{"embeddable":true,"href":"https:\/\/www.fairtec.de\/de\/wp-json\/wp\/v2\/comments?post=1274"}],"version-history":[{"count":4,"href":"https:\/\/www.fairtec.de\/de\/wp-json\/wp\/v2\/pages\/1274\/revisions"}],"predecessor-version":[{"id":1397,"href":"https:\/\/www.fairtec.de\/de\/wp-json\/wp\/v2\/pages\/1274\/revisions\/1397"}],"wp:featuredmedia":[{"embeddable":true,"href":"https:\/\/www.fairtec.de\/de\/wp-json\/wp\/v2\/media\/1302"}],"wp:attachment":[{"href":"https:\/\/www.fairtec.de\/de\/wp-json\/wp\/v2\/media?parent=1274"}],"curies":[{"name":"wp","href":"https:\/\/api.w.org\/{rel}","templated":true}]}}